{"id":41,"date":"2026-02-14T17:43:32","date_gmt":"2026-02-14T17:43:32","guid":{"rendered":"https:\/\/www.werbungauscottbus.de\/index.php\/impresssum\/"},"modified":"2026-02-14T17:43:35","modified_gmt":"2026-02-14T17:43:35","slug":"impresssum","status":"publish","type":"page","link":"https:\/\/www.werbungauscottbus.de\/index.php\/impresssum\/","title":{"rendered":"Impresssum"},"content":{"rendered":"\n  \n    <section class=\"u-clearfix u-grey-10 u-section-1\" id=\"sec-f5ef\">\n      <div class=\"u-clearfix u-sheet u-sheet-1\">\n        <div class=\"fr-view u-clearfix u-rich-text u-text u-text-1\">\n          <h4 id=\"isPasted\">\n            <strong>Impressum<\/strong>\n          <\/h4>\n          <p>\n            <strong>Angaben gem\u00e4\u00df \u00a7 5 TMG<\/strong>\n          <\/p>\n          <p>\n            <strong>Werbung aus Cottbus<\/strong>&nbsp;<br>Rainer Behnisch<br>Hermann-Hammerschmidt-Str. 21 D-03042 Cottbus\n          <\/p>\n          <p><span style=\"font-weight: 700;\">Telefon:<\/span>\n          <\/p>\n          <p>0173 &nbsp;9208325<\/p>\n          <p><span style=\"font-weight: 700;\">Email:<\/span>\n          <\/p>\n          <p>\n            <a href=\"mailto:info@werbungauscottbus.de\">info@werbungauscottbus.de<\/a>\n          <\/p>\n          <p><span style=\"font-weight: 700;\">Internet:<\/span>\n          <\/p>\n          <p>\n            <a href=\"https:\/\/www.werbungauscottbus.de\/\">www.werbungauscottbus.de<\/a>\n          <\/p>\n          <p>Steuernummer: 056 \/ 205 \/ 02938<\/p>\n          <p>Umsatzsteuer-Identifikationsnummer gem\u00e4\u00df \u00a727 a Umsatzsteuergesetz:\nDE286489632<\/p>\n          <p>\n            <strong>Bildnachweis<\/strong>\n          <\/p>\n          <p>iStock.com\/CarmenMurillo\niStock.com\/Corina_Dragan<\/p>\n          <p>\n            <strong>Haftungsausschluss (Disclaimer)<\/strong>\n          <\/p>\n          <p>\n            <strong>Streitschlichtung<\/strong>\n          <\/p>\n          <p>Wir sind nicht bereit oder verpflichtet, an Streitbeilegungsverfahren vor einer Verbraucherschlichtungsstelle teilzunehmen.<\/p>\n          <p>\n            <strong>Haftung f\u00fcr Inhalte<\/strong>\n          <\/p>\n          <p>Als Diensteanbieter sind wir gem\u00e4\u00df \u00a7 7 Abs.1 TMG f\u00fcr eigene Inhalte auf diesen Seiten nach den allgemeinen Gesetzen verantwortlich. Nach \u00a7\u00a7 8 bis 10 TMG sind wir als Diensteanbieter jedoch nicht verpflichtet, \u00fcbermittelte oder gespeicherte fremde Informationen zu \u00fcberwachen oder nach Umst\u00e4nden zu forschen, die auf eine rechtswidrige T\u00e4tigkeit hinweisen.<\/p>\n          <p>Verpflichtungen zur Entfernung oder Sperrung der Nutzung von Informationen nach den allgemeinen Gesetzen bleiben hiervon unber\u00fchrt. Eine diesbez\u00fcgliche Haftung ist jedoch erst ab dem Zeitpunkt der Kenntnis einer konkreten Rechtsverletzung m\u00f6glich. Bei Bekanntwerden von entsprechenden Rechtsverletzungen werden wir diese Inhalte umgehend entfernen.<\/p>\n          <p>\n            <strong>Haftung f\u00fcr Links<\/strong>\n          <\/p>\n          <p>Unser Angebot enth\u00e4lt Links zu externen Websites Dritter, auf deren Inhalte wir keinen Einfluss haben. Deshalb k\u00f6nnen wir f\u00fcr diese fremden Inhalte auch keine Gew\u00e4hr \u00fcbernehmen. F\u00fcr die Inhalte der verlinkten Seiten ist stets der jeweilige Anbieter oder Betreiber der Seiten verantwortlich. Die verlinkten Seiten wurden zum Zeitpunkt der Verlinkung auf m\u00f6gliche Rechtsverst\u00f6\u00dfe \u00fcberpr\u00fcft. Rechtswidrige Inhalte waren zum Zeitpunkt der Verlinkung nicht erkennbar.<\/p>\n          <p>Eine permanente inhaltliche Kontrolle der verlinkten Seiten ist jedoch ohne konkrete Anhaltspunkte einer Rechtsverletzung nicht zumutbar. Bei Bekanntwerden von Rechtsverletzungen werden wir derartige Links umgehend entfernen.<\/p>\n          <p>\n            <strong>Urheberrecht<\/strong>\n          <\/p>\n          <p>Die durch die Seitenbetreiber erstellten Inhalte und Werke auf diesen Seiten unterliegen dem deutschen Urheberrecht. Die Vervielf\u00e4ltigung, Bearbeitung, Verbreitung und jede Art der Verwertung au\u00dferhalb der Grenzen des Urheberrechtes bed\u00fcrfen der schriftlichen Zustimmung des jeweiligen Autors bzw. Erstellers. Downloads und Kopien dieser Seite sind nur f\u00fcr den privaten, nicht kommerziellen Gebrauch gestattet.<\/p>\n          <p>Soweit die Inhalte auf dieser Seite nicht vom Betreiber erstellt wurden, werden die Urheberrechte Dritter beachtet. Insbesondere werden Inhalte Dritter als solche gekennzeichnet. Sollten Sie trotzdem auf eine Urheberrechtsverletzung aufmerksam werden, bitten wir um einen entsprechenden Hinweis. Bei Bekanntwerden von Rechtsverletzungen werden wir derartige Inhalte umgehend entfernen.<\/p>\n          <p>Quelle: <a href=\"https:\/\/www.e-recht24.de\/impressum-generator.html\">https:\/\/www.erecht24. de\/impressum-generator.html<\/a>\n          <\/p>\n        <\/div>\n      <\/div>\n    <\/section>\n    \n    \n    \n    \n  \n","protected":false},"excerpt":{"rendered":"<p>Impressum Angaben gem\u00e4\u00df \u00a7 5 TMG Werbung aus Cottbus&nbsp;Rainer BehnischHermann-Hammerschmidt-Str. 21 D-03042 Cottbus Telefon: 0173 &nbsp;9208325 Email: info@werbungauscottbus.de Internet: www.werbungauscottbus.de Steuernummer: 056 \/ 205 \/ 02938 Umsatzsteuer-Identifikationsnummer gem\u00e4\u00df \u00a727 a Umsatzsteuergesetz: DE286489632 Bildnachweis iStock.com\/CarmenMurillo iStock.com\/Corina_Dragan Haftungsausschluss (Disclaimer) Streitschlichtung Wir sind nicht bereit oder verpflichtet, an Streitbeilegungsverfahren vor einer Verbraucherschlichtungsstelle teilzunehmen. Haftung f\u00fcr Inhalte Als Diensteanbieter &hellip; <a href=\"https:\/\/www.werbungauscottbus.de\/index.php\/impresssum\/\" class=\"more-link\">Continue reading<span class=\"screen-reader-text\"> &#8222;Impresssum&#8220;<\/span><\/a><\/p>\n","protected":false},"author":1,"featured_media":0,"parent":0,"menu_order":3,"comment_status":"closed","ping_status":"closed","template":"","meta":{"footnotes":""},"class_list":["post-41","page","type-page","status-publish","hentry"],"yoast_head":"<!-- This site is optimized with the Yoast SEO plugin v27.3 - https:\/\/yoast.com\/product\/yoast-seo-wordpress\/ -->\n<title>Impresssum - Werbung aus Cottbus<\/title>\n<meta name=\"robots\" content=\"index, follow, max-snippet:-1, max-image-preview:large, max-video-preview:-1\" \/>\n<link rel=\"canonical\" href=\"https:\/\/www.werbungauscottbus.de\/index.php\/impresssum\/\" \/>\n<meta property=\"og:locale\" content=\"de_DE\" \/>\n<meta property=\"og:type\" content=\"article\" \/>\n<meta property=\"og:title\" content=\"Impresssum - Werbung aus Cottbus\" \/>\n<meta property=\"og:description\" content=\"Impressum Angaben gem\u00e4\u00df \u00a7 5 TMG Werbung aus Cottbus&nbsp;Rainer BehnischHermann-Hammerschmidt-Str. 21 D-03042 Cottbus Telefon: 0173 &nbsp;9208325 Email: info@werbungauscottbus.de Internet: www.werbungauscottbus.de Steuernummer: 056 \/ 205 \/ 02938 Umsatzsteuer-Identifikationsnummer gem\u00e4\u00df \u00a727 a Umsatzsteuergesetz: DE286489632 Bildnachweis iStock.com\/CarmenMurillo iStock.com\/Corina_Dragan Haftungsausschluss (Disclaimer) Streitschlichtung Wir sind nicht bereit oder verpflichtet, an Streitbeilegungsverfahren vor einer Verbraucherschlichtungsstelle teilzunehmen. Haftung f\u00fcr Inhalte Als Diensteanbieter &hellip; Continue reading &quot;Impresssum&quot;\" \/>\n<meta property=\"og:url\" content=\"https:\/\/www.werbungauscottbus.de\/index.php\/impresssum\/\" \/>\n<meta property=\"og:site_name\" content=\"Werbung aus Cottbus\" \/>\n<meta property=\"article:modified_time\" content=\"2026-02-14T17:43:35+00:00\" \/>\n<meta name=\"twitter:card\" content=\"summary_large_image\" \/>\n<meta name=\"twitter:label1\" content=\"Gesch\u00e4tzte Lesezeit\" \/>\n\t<meta name=\"twitter:data1\" content=\"2\u00a0Minuten\" \/>\n<script type=\"application\/ld+json\" class=\"yoast-schema-graph\">{\"@context\":\"https:\\\/\\\/schema.org\",\"@graph\":[{\"@type\":\"WebPage\",\"@id\":\"https:\\\/\\\/www.werbungauscottbus.de\\\/index.php\\\/impresssum\\\/\",\"url\":\"https:\\\/\\\/www.werbungauscottbus.de\\\/index.php\\\/impresssum\\\/\",\"name\":\"Impresssum - Werbung aus Cottbus\",\"isPartOf\":{\"@id\":\"https:\\\/\\\/www.werbungauscottbus.de\\\/#website\"},\"datePublished\":\"2026-02-14T17:43:32+00:00\",\"dateModified\":\"2026-02-14T17:43:35+00:00\",\"breadcrumb\":{\"@id\":\"https:\\\/\\\/www.werbungauscottbus.de\\\/index.php\\\/impresssum\\\/#breadcrumb\"},\"inLanguage\":\"de\",\"potentialAction\":[{\"@type\":\"ReadAction\",\"target\":[\"https:\\\/\\\/www.werbungauscottbus.de\\\/index.php\\\/impresssum\\\/\"]}]},{\"@type\":\"BreadcrumbList\",\"@id\":\"https:\\\/\\\/www.werbungauscottbus.de\\\/index.php\\\/impresssum\\\/#breadcrumb\",\"itemListElement\":[{\"@type\":\"ListItem\",\"position\":1,\"name\":\"Start\",\"item\":\"https:\\\/\\\/www.werbungauscottbus.de\\\/\"},{\"@type\":\"ListItem\",\"position\":2,\"name\":\"Impresssum\"}]},{\"@type\":\"WebSite\",\"@id\":\"https:\\\/\\\/www.werbungauscottbus.de\\\/#website\",\"url\":\"https:\\\/\\\/www.werbungauscottbus.de\\\/\",\"name\":\"Werbung aus Cottbus\",\"description\":\"\",\"publisher\":{\"@id\":\"https:\\\/\\\/www.werbungauscottbus.de\\\/#organization\"},\"potentialAction\":[{\"@type\":\"SearchAction\",\"target\":{\"@type\":\"EntryPoint\",\"urlTemplate\":\"https:\\\/\\\/www.werbungauscottbus.de\\\/?s={search_term_string}\"},\"query-input\":{\"@type\":\"PropertyValueSpecification\",\"valueRequired\":true,\"valueName\":\"search_term_string\"}}],\"inLanguage\":\"de\"},{\"@type\":\"Organization\",\"@id\":\"https:\\\/\\\/www.werbungauscottbus.de\\\/#organization\",\"name\":\"Werbung aus Cottbus\",\"url\":\"https:\\\/\\\/www.werbungauscottbus.de\\\/\",\"logo\":{\"@type\":\"ImageObject\",\"inLanguage\":\"de\",\"@id\":\"https:\\\/\\\/www.werbungauscottbus.de\\\/#\\\/schema\\\/logo\\\/image\\\/\",\"url\":\"https:\\\/\\\/www.werbungauscottbus.de\\\/wp-content\\\/uploads\\\/2026\\\/02\\\/cropped-Logo-koffergriff-Pfade-frei.png\",\"contentUrl\":\"https:\\\/\\\/www.werbungauscottbus.de\\\/wp-content\\\/uploads\\\/2026\\\/02\\\/cropped-Logo-koffergriff-Pfade-frei.png\",\"width\":240,\"height\":240,\"caption\":\"Werbung aus Cottbus\"},\"image\":{\"@id\":\"https:\\\/\\\/www.werbungauscottbus.de\\\/#\\\/schema\\\/logo\\\/image\\\/\"}}]}<\/script>\n<!-- \/ Yoast SEO plugin. -->","yoast_head_json":{"title":"Impresssum - Werbung aus Cottbus","robots":{"index":"index","follow":"follow","max-snippet":"max-snippet:-1","max-image-preview":"max-image-preview:large","max-video-preview":"max-video-preview:-1"},"canonical":"https:\/\/www.werbungauscottbus.de\/index.php\/impresssum\/","og_locale":"de_DE","og_type":"article","og_title":"Impresssum - Werbung aus Cottbus","og_description":"Impressum Angaben gem\u00e4\u00df \u00a7 5 TMG Werbung aus Cottbus&nbsp;Rainer BehnischHermann-Hammerschmidt-Str. 21 D-03042 Cottbus Telefon: 0173 &nbsp;9208325 Email: info@werbungauscottbus.de Internet: www.werbungauscottbus.de Steuernummer: 056 \/ 205 \/ 02938 Umsatzsteuer-Identifikationsnummer gem\u00e4\u00df \u00a727 a Umsatzsteuergesetz: DE286489632 Bildnachweis iStock.com\/CarmenMurillo iStock.com\/Corina_Dragan Haftungsausschluss (Disclaimer) Streitschlichtung Wir sind nicht bereit oder verpflichtet, an Streitbeilegungsverfahren vor einer Verbraucherschlichtungsstelle teilzunehmen. Haftung f\u00fcr Inhalte Als Diensteanbieter &hellip; Continue reading \"Impresssum\"","og_url":"https:\/\/www.werbungauscottbus.de\/index.php\/impresssum\/","og_site_name":"Werbung aus Cottbus","article_modified_time":"2026-02-14T17:43:35+00:00","twitter_card":"summary_large_image","twitter_misc":{"Gesch\u00e4tzte Lesezeit":"2\u00a0Minuten"},"schema":{"@context":"https:\/\/schema.org","@graph":[{"@type":"WebPage","@id":"https:\/\/www.werbungauscottbus.de\/index.php\/impresssum\/","url":"https:\/\/www.werbungauscottbus.de\/index.php\/impresssum\/","name":"Impresssum - Werbung aus Cottbus","isPartOf":{"@id":"https:\/\/www.werbungauscottbus.de\/#website"},"datePublished":"2026-02-14T17:43:32+00:00","dateModified":"2026-02-14T17:43:35+00:00","breadcrumb":{"@id":"https:\/\/www.werbungauscottbus.de\/index.php\/impresssum\/#breadcrumb"},"inLanguage":"de","potentialAction":[{"@type":"ReadAction","target":["https:\/\/www.werbungauscottbus.de\/index.php\/impresssum\/"]}]},{"@type":"BreadcrumbList","@id":"https:\/\/www.werbungauscottbus.de\/index.php\/impresssum\/#breadcrumb","itemListElement":[{"@type":"ListItem","position":1,"name":"Start","item":"https:\/\/www.werbungauscottbus.de\/"},{"@type":"ListItem","position":2,"name":"Impresssum"}]},{"@type":"WebSite","@id":"https:\/\/www.werbungauscottbus.de\/#website","url":"https:\/\/www.werbungauscottbus.de\/","name":"Werbung aus Cottbus","description":"","publisher":{"@id":"https:\/\/www.werbungauscottbus.de\/#organization"},"potentialAction":[{"@type":"SearchAction","target":{"@type":"EntryPoint","urlTemplate":"https:\/\/www.werbungauscottbus.de\/?s={search_term_string}"},"query-input":{"@type":"PropertyValueSpecification","valueRequired":true,"valueName":"search_term_string"}}],"inLanguage":"de"},{"@type":"Organization","@id":"https:\/\/www.werbungauscottbus.de\/#organization","name":"Werbung aus Cottbus","url":"https:\/\/www.werbungauscottbus.de\/","logo":{"@type":"ImageObject","inLanguage":"de","@id":"https:\/\/www.werbungauscottbus.de\/#\/schema\/logo\/image\/","url":"https:\/\/www.werbungauscottbus.de\/wp-content\/uploads\/2026\/02\/cropped-Logo-koffergriff-Pfade-frei.png","contentUrl":"https:\/\/www.werbungauscottbus.de\/wp-content\/uploads\/2026\/02\/cropped-Logo-koffergriff-Pfade-frei.png","width":240,"height":240,"caption":"Werbung aus Cottbus"},"image":{"@id":"https:\/\/www.werbungauscottbus.de\/#\/schema\/logo\/image\/"}}]}},"_links":{"self":[{"href":"https:\/\/www.werbungauscottbus.de\/index.php\/wp-json\/wp\/v2\/pages\/41","targetHints":{"allow":["GET"]}}],"collection":[{"href":"https:\/\/www.werbungauscottbus.de\/index.php\/wp-json\/wp\/v2\/pages"}],"about":[{"href":"https:\/\/www.werbungauscottbus.de\/index.php\/wp-json\/wp\/v2\/types\/page"}],"author":[{"embeddable":true,"href":"https:\/\/www.werbungauscottbus.de\/index.php\/wp-json\/wp\/v2\/users\/1"}],"replies":[{"embeddable":true,"href":"https:\/\/www.werbungauscottbus.de\/index.php\/wp-json\/wp\/v2\/comments?post=41"}],"version-history":[{"count":1,"href":"https:\/\/www.werbungauscottbus.de\/index.php\/wp-json\/wp\/v2\/pages\/41\/revisions"}],"predecessor-version":[{"id":52,"href":"https:\/\/www.werbungauscottbus.de\/index.php\/wp-json\/wp\/v2\/pages\/41\/revisions\/52"}],"wp:attachment":[{"href":"https:\/\/www.werbungauscottbus.de\/index.php\/wp-json\/wp\/v2\/media?parent=41"}],"curies":[{"name":"wp","href":"https:\/\/api.w.org\/{rel}","templated":true}]}}